{"id":2698,"date":"2023-04-10T08:56:36","date_gmt":"2023-04-10T08:56:36","guid":{"rendered":"https:\/\/www.driakovosgeorgiou.com\/publications-keynote-speeches\/"},"modified":"2024-12-04T20:05:30","modified_gmt":"2024-12-04T20:05:30","slug":"publications-keynote-speeches","status":"publish","type":"page","link":"https:\/\/www.driakovosgeorgiou.com\/el\/publications-keynote-speeches\/","title":{"rendered":"\u0394\u03b7\u03bc\u03bf\u03c3\u03b9\u03b5\u03cd\u03c3\u03b5\u03b9\u03c2 &#038; \u03bf\u03bc\u03b9\u03bb\u03af\u03b5\u03c2"},"content":{"rendered":"\t\t<div data-elementor-type=\"wp-page\" data-elementor-id=\"2698\" class=\"elementor elementor-2698 elementor-1156\">\n\t\t\t\t\t\t<section class=\"elementor-section elementor-top-section elementor-element elementor-element-7dc6d53 elementor-section-height-min-height elementor-section-boxed elementor-section-height-default elementor-section-items-middle\" data-id=\"7dc6d53\" data-element_type=\"section\" data-e-type=\"section\" data-settings=\"{&quot;background_background&quot;:&quot;classic&quot;}\">\n\t\t\t\t\t\t<div class=\"elementor-container elementor-column-gap-default\">\n\t\t\t\t\t<div class=\"elementor-column elementor-col-100 elementor-top-column elementor-element elementor-element-4b45f16\" data-id=\"4b45f16\" data-element_type=\"column\" data-e-type=\"column\">\n\t\t\t<div class=\"elementor-widget-wrap elementor-element-populated\">\n\t\t\t\t\t\t<div class=\"elementor-element elementor-element-63790b7 elementor-widget elementor-widget-heading\" data-id=\"63790b7\" data-element_type=\"widget\" data-e-type=\"widget\" data-widget_type=\"heading.default\">\n\t\t\t\t<div class=\"elementor-widget-container\">\n\t\t\t\t\t<h2 class=\"elementor-heading-title elementor-size-default\">\u0394\u03b7\u03bc\u03bf\u03c3\u03b9\u03b5\u03cd\u03c3\u03b5\u03b9\u03c2 &amp; \u03bf\u03bc\u03b9\u03bb\u03af\u03b5\u03c2<\/h2>\t\t\t\t<\/div>\n\t\t\t\t<\/div>\n\t\t\t\t\t<\/div>\n\t\t<\/div>\n\t\t\t\t\t<\/div>\n\t\t<\/section>\n\t\t\t\t<section class=\"elementor-section elementor-top-section elementor-element elementor-element-86fdd2f elementor-section-boxed elementor-section-height-default elementor-section-height-default\" data-id=\"86fdd2f\" data-element_type=\"section\" data-e-type=\"section\">\n\t\t\t\t\t\t<div class=\"elementor-container elementor-column-gap-default\">\n\t\t\t\t\t<div class=\"elementor-column elementor-col-100 elementor-top-column elementor-element elementor-element-07c0746\" data-id=\"07c0746\" data-element_type=\"column\" data-e-type=\"column\">\n\t\t\t<div class=\"elementor-widget-wrap elementor-element-populated\">\n\t\t\t\t\t\t<div class=\"elementor-element elementor-element-dffaa1b elementor-widget elementor-widget-heading\" data-id=\"dffaa1b\" data-element_type=\"widget\" data-e-type=\"widget\" data-widget_type=\"heading.default\">\n\t\t\t\t<div class=\"elementor-widget-container\">\n\t\t\t\t\t<h2 class=\"elementor-heading-title elementor-size-default\">\u0394\u03b7\u03bc\u03bf\u03c3\u03b9\u03b5\u03cd\u03c3\u03b5\u03b9\u03c2<\/h2>\t\t\t\t<\/div>\n\t\t\t\t<\/div>\n\t\t\t\t<div class=\"elementor-element elementor-element-38376d4 elementor-widget elementor-widget-text-editor\" data-id=\"38376d4\" data-element_type=\"widget\" data-e-type=\"widget\" data-widget_type=\"text-editor.default\">\n\t\t\t\t<div class=\"elementor-widget-container\">\n\t\t\t\t\t\t\t\t\t<p>\u2192 I <strong>Georgiou<\/strong>; C I Ioannou; J Schmidt (MD)1; J Eschborn; G Mostofizadeh-Haghighi; M Infanger; M Ghods; P Kruppa. Free flaps in sternal osteomyelitis after median sternotomy \u2013 a center\u2019s 12-year experience. 2023 Jan 24.\u00a0 doi: 10.1055\/s-0043-1761208.<\/p><p>\u2192 German ISAPS members implement partnership with S\u00e3o Tom\u00e9 and Pr\u00edncipe establishing the development for future missions. September 2022, ISAPS News, Volume 16, Number 3, pages 34-35<\/p><p>\u2192 Kruppa\u00a0 P, <strong>Georgiou\u00a0 I<\/strong>, Schmidt\u00a0 J, Infanger\u00a0 M, Ghods\u00a0 M. A 10-Year Retrospective before-and-after Study of Lipedema Surgery: Patient-Reported Lipedema-Associated Symptom Improvement after Multistage Liposuction. Plastic and Reconstructive Surgery. January 2022. DOI: 10.1097\/PRS.0000000000008880<\/p><p>\u2192 Eschborn J, Kruppa P, <strong>Georgiou I<\/strong>, Infanger M, Ghods M. Long-term Results After Autologous Fat Transfer for Treatment of Chronic Lower Extremity Wounds. The International Journal of Lower Extremity Wounds. June 2021. doi:10.1177\/15347346211027684<\/p><p>\u2192 Schmidt, J., Kruppa, P., <strong>Georgiou, I.<\/strong>, Ghods, M. Management of Large Volume Liposuction in Lipedema Patients with von Willebrand Disease: A Systematic Review and Treatment Algorithm. Clin Hemorheol Microcirc.; 2021 Apr 1. doi: 10.3233\/CH-201063.<\/p><p>\u2192 Ghods, M., <strong>\u00a0Georgiou, I.<\/strong>, Schmidt, J. Kruppa, P<em>.<\/em>\u00a0Disease progression and comorbidities in lipedema patients &#8211; a 10-year retrospective analysis; Dermatol Ther; 2020 Nov 13;e14534.\u00a0doi: 10.1111\/dth.14534.<\/p><p><strong>\u2192 Georgiou, I.<\/strong>, Kruppa, P., Schmidt, J., Ghods, M<em>.<\/em>\u00a0Liposuction for Lipedema: Functional Therapy or Aesthetic Procedure?.\u00a0<em>Aesth Plast Surg<\/em>\u00a0(2020). https:\/\/doi.org\/10.1007\/s00266-020-01910-z<\/p><p>\u2192 Ghods M, <strong>Georgiou <\/strong>I, Kruppa P; Aktueller Stand der chirurgischen Behandlung des Lip\u00f6dems; derm 4\/2020; 340; https:\/\/www.omnimedonline.de\/admin\/omnimed\/article\/derm\/2020\/4\/26778<\/p><p><strong>\u2192 <\/strong>Kruppa P, <strong>Georgiou I<\/strong>, Biermann N, Prantl L, Klein-Weigel P, Ghods M; Lipedema \u2013 Pathogenesis, diagnosis and treatment options.\u00a0DtschArzteblInt 2020;117:396\u2013403.DOI: 10.3238\/arztebl.2020.0396<\/p><p>\u2192 <strong>Georgiou I,<\/strong> Kruppa P, Ghods M; Use of a Total Leg Fillet Flap to Cover Multiple Pelvic Pressure Ulcers. Plast Reconstr Surg Glob Open 2019;7:e2084; doi: 10.1097\/GOX.0000000000002084<\/p><p>\u2192 Ghods M, Kruppa P, Thiels K, <strong>Georgiou I<\/strong>; Pedicled Anterolateral Thigh Flaps and Their Use in Abdominal Wall Reconstruction &#8211; A Case Series. Adv Plast Reconstr Surg, 2018; 2(4): 225-229; doi: 10.31700\/2572-6684.000153<\/p>\t\t\t\t\t\t\t\t<\/div>\n\t\t\t\t<\/div>\n\t\t\t\t\t<\/div>\n\t\t<\/div>\n\t\t\t\t\t<\/div>\n\t\t<\/section>\n\t\t\t\t<section class=\"elementor-section elementor-top-section elementor-element elementor-element-df2af32 elementor-section-boxed elementor-section-height-default elementor-section-height-default\" data-id=\"df2af32\" data-element_type=\"section\" data-e-type=\"section\">\n\t\t\t\t\t\t<div class=\"elementor-container elementor-column-gap-default\">\n\t\t\t\t\t<div class=\"elementor-column elementor-col-100 elementor-top-column elementor-element elementor-element-735ce48\" data-id=\"735ce48\" data-element_type=\"column\" data-e-type=\"column\">\n\t\t\t<div class=\"elementor-widget-wrap elementor-element-populated\">\n\t\t\t\t\t\t<div class=\"elementor-element elementor-element-4f3f2bc elementor-widget elementor-widget-heading\" data-id=\"4f3f2bc\" data-element_type=\"widget\" data-e-type=\"widget\" data-widget_type=\"heading.default\">\n\t\t\t\t<div class=\"elementor-widget-container\">\n\t\t\t\t\t<h2 class=\"elementor-heading-title elementor-size-default\">Masterclasses \u03ba\u03b1\u03b9 \u03b5\u03c0\u03b9\u03c3\u03ba\u03ad\u03c8\u03b5\u03b9\u03c2<\/h2>\t\t\t\t<\/div>\n\t\t\t\t<\/div>\n\t\t\t\t<div class=\"elementor-element elementor-element-ef3d13a elementor-widget elementor-widget-text-editor\" data-id=\"ef3d13a\" data-element_type=\"widget\" data-e-type=\"widget\" data-widget_type=\"text-editor.default\">\n\t\t\t\t<div class=\"elementor-widget-container\">\n\t\t\t\t\t\t\t\t\t<p>03\/2024:\u00a0\u00a0\u00a0\u00a0\u00a0\u00a0\u00a0\u00a0\u00a0 Aesthetic breast reconstruction, Madrid (Dr. Antonio Tejerina)<\/p><p>07\/2023:\u00a0\u00a0\u00a0\u00a0\u00a0\u00a0\u00a0\u00a0\u00a0 Guest visit with special interest on reconstructive and aesthetic breast surgery, Helios Hospital, Berlin-Buch (Ass. Prof. Dr. Oliver Thamm)<\/p><p>06\/2023:\u00a0\u00a0\u00a0\u00a0\u00a0\u00a0\u00a0\u00a0\u00a0 Guest visit with special interest on microsurgical breast reconstruction, Sana Hospital, Gerresheim (Prof. Dr. Chris Andree)<\/p><p>11\/2022:\u00a0\u00a0\u00a0\u00a0\u00a0\u00a0\u00a0\u00a0\u00a0 Guest visit with special interest on skin tumors, Klinikum G\u00fctersloh (Dr. Albrecht Krause-Bergmann)<\/p><p>07-09\/2022:\u00a0\u00a0\u00a0 ISAPS Fellowship on aesthetic facial and breast surgery, Villa Bella, Sal\u00f3 (Drs. Giovanni and Chiara Botti)<\/p>\t\t\t\t\t\t\t\t<\/div>\n\t\t\t\t<\/div>\n\t\t\t\t\t<\/div>\n\t\t<\/div>\n\t\t\t\t\t<\/div>\n\t\t<\/section>\n\t\t\t\t<section class=\"elementor-section elementor-top-section elementor-element elementor-element-a19a0a4 elementor-section-boxed elementor-section-height-default elementor-section-height-default\" data-id=\"a19a0a4\" data-element_type=\"section\" data-e-type=\"section\">\n\t\t\t\t\t\t<div class=\"elementor-container elementor-column-gap-default\">\n\t\t\t\t\t<div class=\"elementor-column elementor-col-100 elementor-top-column elementor-element elementor-element-31fd701\" data-id=\"31fd701\" data-element_type=\"column\" data-e-type=\"column\">\n\t\t\t<div class=\"elementor-widget-wrap elementor-element-populated\">\n\t\t\t\t\t\t<div class=\"elementor-element elementor-element-990d2f4 elementor-widget elementor-widget-heading\" data-id=\"990d2f4\" data-element_type=\"widget\" data-e-type=\"widget\" data-widget_type=\"heading.default\">\n\t\t\t\t<div class=\"elementor-widget-container\">\n\t\t\t\t\t<h2 class=\"elementor-heading-title elementor-size-default\">\u039f\u03bc\u03b9\u03bb\u03af\u03b5\u03c2 \u03ba\u03b1\u03b9 \u03c0\u03b1\u03c1\u03bf\u03c5\u03c3\u03b9\u03ac\u03c3\u03b5\u03b9\u03c2<\/h2>\t\t\t\t<\/div>\n\t\t\t\t<\/div>\n\t\t\t\t<div class=\"elementor-element elementor-element-1ab78cb elementor-widget elementor-widget-text-editor\" data-id=\"1ab78cb\" data-element_type=\"widget\" data-e-type=\"widget\" data-widget_type=\"text-editor.default\">\n\t\t\t\t<div class=\"elementor-widget-container\">\n\t\t\t\t\t\t\t\t\t<div class=\"\"><p class=\"\">\u2192 Lipedema \u2013 Functional therapy with aesthetic implications; 3.-6. October, 2024; Contours of Beauty; Yerevan, Armenia<\/p><\/div><div class=\"\"><p class=\"\">\u2192 Moderator for the liposuction live masterclass surgery session, 4.-7. October 2023; 1st Lipedema World Congress, Potsdam, Germany<\/p><p class=\"\">\u2192 Free Flaps in Sternal Osteomyelitis After Median Sternotomy: A Center\u2019s 12-Year Experience, poster presentation. 27.-29. May 2023; 1st Mediterranean Conference of Plastic Surgery Innovations; Limassol, Cyprus.<\/p><p class=\"\"><strong class=\"\">\u2192\u00a0<\/strong>Persistent lipedema in patients after bariatric surgery. 28.05.2022; Lipoedema Conference, London, UK<\/p><p class=\"\"><strong class=\"\">\u2192\u00a0<\/strong>Free Flap Reconstruction in Sternal Osteomyelitis after Cardiothoracic Procedures \u2013 a Single Center\u2019s 12-Year Experience. 22.10.2021; Plastic Surgery The Meeting, Atlanta \u2013 virtual (On-Demand)<\/p><p class=\"\">\u2192 12 year experience in defect reconstruction of sternal osteomyelitis wounds using free flaps. 15.10.2021; 51<span class=\"\">st<\/span>\u00a0annual DGPR\u00c4C\/25<span class=\"\">th<\/span>\u00a0annual VD\u00c4PC congress, Potsdam\u00a0<\/p><p class=\"\">\u2192 Multimorbid patient with extensive multiple recurrent decubitus ulcers. 14.10.2021; 51<span class=\"\">st<\/span>\u00a0annual DGPR\u00c4C\/25<span class=\"\">th<\/span>\u00a0annual VD\u00c4PC congress, Potsdam<\/p><p class=\"\"><strong class=\"\">\u2192\u00a0<\/strong>10-year experience in the surgical treatment of lipedema \u2013 the Potsdam concept. 01.10.2020; Clinical Congress 2020, Chicago, Illinois \u2013 virtual<\/p><p class=\"\"><strong class=\"\">\u2192\u00a0<\/strong>Pedicled Anterolateral Thigh Flaps and Their Use in Abdominal Wall Reconstruction. 28.09.2019; 50. Jahrestagung der DGPR\u00c4C &amp; 24. Jahrestagung der VD\u00c4PC, Hamburg<\/p><\/div>\t\t\t\t\t\t\t\t<\/div>\n\t\t\t\t<\/div>\n\t\t\t\t\t<\/div>\n\t\t<\/div>\n\t\t\t\t\t<\/div>\n\t\t<\/section>\n\t\t\t\t<\/div>\n\t\t","protected":false},"excerpt":{"rendered":"<p>\u0394\u03b7\u03bc\u03bf\u03c3\u03b9\u03b5\u03cd\u03c3\u03b5\u03b9\u03c2 &amp; \u03bf\u03bc\u03b9\u03bb\u03af\u03b5\u03c2 \u0394\u03b7\u03bc\u03bf\u03c3\u03b9\u03b5\u03cd\u03c3\u03b5\u03b9\u03c2 \u2192 I Georgiou; C I Ioannou; J Schmidt [&hellip;]<\/p>\n","protected":false},"author":1,"featured_media":0,"parent":0,"menu_order":0,"comment_status":"closed","ping_status":"closed","template":"","meta":{"site-sidebar-layout":"no-sidebar","site-content-layout":"page-builder","ast-site-content-layout":"full-width-container","site-content-style":"unboxed","site-sidebar-style":"unboxed","ast-global-header-display":"","ast-banner-title-visibility":"","ast-main-header-display":"","ast-hfb-above-header-display":"","ast-hfb-below-header-display":"","ast-hfb-mobile-header-display":"","site-post-title":"disabled","ast-breadcrumbs-content":"","ast-featured-img":"disabled","footer-sml-layout":"","ast-disable-related-posts":"","theme-transparent-header-meta":"","adv-header-id-meta":"","stick-header-meta":"","header-above-stick-meta":"","header-main-stick-meta":"","header-below-stick-meta":"","astra-migrate-meta-layouts":"set","ast-page-background-enabled":"default","ast-page-background-meta":{"desktop":{"background-color":"","background-image":"","background-repeat":"repeat","background-position":"center center","background-size":"auto","background-attachment":"scroll","background-type":"","background-media":"","overlay-type":"","overlay-color":"","overlay-opacity":"","overlay-gradient":""},"tablet":{"background-color":"","background-image":"","background-repeat":"repeat","background-position":"center center","background-size":"auto","background-attachment":"scroll","background-type":"","background-media":"","overlay-type":"","overlay-color":"","overlay-opacity":"","overlay-gradient":""},"mobile":{"background-color":"","background-image":"","background-repeat":"repeat","background-position":"center center","background-size":"auto","background-attachment":"scroll","background-type":"","background-media":"","overlay-type":"","overlay-color":"","overlay-opacity":"","overlay-gradient":""}},"ast-content-background-meta":{"desktop":{"background-color":"var(--ast-global-color-5)","background-image":"","background-repeat":"repeat","background-position":"center center","background-size":"auto","background-attachment":"scroll","background-type":"","background-media":"","overlay-type":"","overlay-color":"","overlay-opacity":"","overlay-gradient":""},"tablet":{"background-color":"var(--ast-global-color-5)","background-image":"","background-repeat":"repeat","background-position":"center center","background-size":"auto","background-attachment":"scroll","background-type":"","background-media":"","overlay-type":"","overlay-color":"","overlay-opacity":"","overlay-gradient":""},"mobile":{"background-color":"var(--ast-global-color-5)","background-image":"","background-repeat":"repeat","background-position":"center center","background-size":"auto","background-attachment":"scroll","background-type":"","background-media":"","overlay-type":"","overlay-color":"","overlay-opacity":"","overlay-gradient":""}},"footnotes":""},"class_list":["post-2698","page","type-page","status-publish","hentry"],"yoast_head":"<!-- This site is optimized with the Yoast SEO plugin v27.3 - https:\/\/yoast.com\/product\/yoast-seo-wordpress\/ -->\n<title>Publications &amp; Keynote Speeches - Dr. Iakovos Georgiou<\/title>\n<meta name=\"description\" content=\"Explore key publications and keynote speeches on plastic surgery, lipedema, Vaser liposuction, labiaplasty, and aesthetic surgery in Cyprus.\" \/>\n<meta name=\"robots\" content=\"index, follow, max-snippet:-1, max-image-preview:large, max-video-preview:-1\" \/>\n<link rel=\"canonical\" href=\"https:\/\/www.driakovosgeorgiou.com\/el\/publications-keynote-speeches\/\" \/>\n<meta property=\"og:locale\" content=\"el_GR\" \/>\n<meta property=\"og:type\" content=\"article\" \/>\n<meta property=\"og:title\" content=\"Publications &amp; Keynote Speeches - Dr. Iakovos Georgiou\" \/>\n<meta property=\"og:description\" content=\"Explore key publications and keynote speeches on plastic surgery, lipedema, Vaser liposuction, labiaplasty, and aesthetic surgery in Cyprus.\" \/>\n<meta property=\"og:url\" content=\"https:\/\/www.driakovosgeorgiou.com\/el\/publications-keynote-speeches\/\" \/>\n<meta property=\"og:site_name\" content=\"Dr Iakovos Georgiou\" \/>\n<meta property=\"article:publisher\" content=\"https:\/\/www.facebook.com\/driakovosgeorgiou\" \/>\n<meta property=\"article:modified_time\" content=\"2024-12-04T20:05:30+00:00\" \/>\n<meta property=\"og:image\" content=\"https:\/\/www.driakovosgeorgiou.com\/wp-content\/uploads\/2023\/04\/IMG_3250-2.jpg\" \/>\n\t<meta property=\"og:image:width\" content=\"1000\" \/>\n\t<meta property=\"og:image:height\" content=\"1500\" \/>\n\t<meta property=\"og:image:type\" content=\"image\/jpeg\" \/>\n<meta name=\"twitter:card\" content=\"summary_large_image\" \/>\n<meta name=\"twitter:label1\" content=\"\u0395\u03ba\u03c4\u03b9\u03bc\u03ce\u03bc\u03b5\u03bd\u03bf\u03c2 \u03c7\u03c1\u03cc\u03bd\u03bf\u03c2 \u03b1\u03bd\u03ac\u03b3\u03bd\u03c9\u03c3\u03b7\u03c2\" \/>\n\t<meta name=\"twitter:data1\" content=\"4 \u03bb\u03b5\u03c0\u03c4\u03ac\" \/>\n<script type=\"application\/ld+json\" class=\"yoast-schema-graph\">{\"@context\":\"https:\\\/\\\/schema.org\",\"@graph\":[{\"@type\":\"WebPage\",\"@id\":\"https:\\\/\\\/www.driakovosgeorgiou.com\\\/el\\\/publications-keynote-speeches\\\/\",\"url\":\"https:\\\/\\\/www.driakovosgeorgiou.com\\\/el\\\/publications-keynote-speeches\\\/\",\"name\":\"Publications & Keynote Speeches - Dr. Iakovos Georgiou\",\"isPartOf\":{\"@id\":\"https:\\\/\\\/www.driakovosgeorgiou.com\\\/el\\\/#website\"},\"datePublished\":\"2023-04-10T08:56:36+00:00\",\"dateModified\":\"2024-12-04T20:05:30+00:00\",\"description\":\"Explore key publications and keynote speeches on plastic surgery, lipedema, Vaser liposuction, labiaplasty, and aesthetic surgery in Cyprus.\",\"breadcrumb\":{\"@id\":\"https:\\\/\\\/www.driakovosgeorgiou.com\\\/el\\\/publications-keynote-speeches\\\/#breadcrumb\"},\"inLanguage\":\"el\",\"potentialAction\":[{\"@type\":\"ReadAction\",\"target\":[\"https:\\\/\\\/www.driakovosgeorgiou.com\\\/el\\\/publications-keynote-speeches\\\/\"]}]},{\"@type\":\"BreadcrumbList\",\"@id\":\"https:\\\/\\\/www.driakovosgeorgiou.com\\\/el\\\/publications-keynote-speeches\\\/#breadcrumb\",\"itemListElement\":[{\"@type\":\"ListItem\",\"position\":1,\"name\":\"Home\",\"item\":\"https:\\\/\\\/www.driakovosgeorgiou.com\\\/el\\\/\"},{\"@type\":\"ListItem\",\"position\":2,\"name\":\"\u0394\u03b7\u03bc\u03bf\u03c3\u03b9\u03b5\u03cd\u03c3\u03b5\u03b9\u03c2 &#038; \u03bf\u03bc\u03b9\u03bb\u03af\u03b5\u03c2\"}]},{\"@type\":\"WebSite\",\"@id\":\"https:\\\/\\\/www.driakovosgeorgiou.com\\\/el\\\/#website\",\"url\":\"https:\\\/\\\/www.driakovosgeorgiou.com\\\/el\\\/\",\"name\":\"Dr. Iakovos Georgiou\",\"description\":\"Plastic Surgery in Limassol, Cyprus\",\"publisher\":{\"@id\":\"https:\\\/\\\/www.driakovosgeorgiou.com\\\/el\\\/#organization\"},\"potentialAction\":[{\"@type\":\"SearchAction\",\"target\":{\"@type\":\"EntryPoint\",\"urlTemplate\":\"https:\\\/\\\/www.driakovosgeorgiou.com\\\/el\\\/?s={search_term_string}\"},\"query-input\":{\"@type\":\"PropertyValueSpecification\",\"valueRequired\":true,\"valueName\":\"search_term_string\"}}],\"inLanguage\":\"el\"},{\"@type\":\"Organization\",\"@id\":\"https:\\\/\\\/www.driakovosgeorgiou.com\\\/el\\\/#organization\",\"name\":\"Dr. Iakovos Georgiou\",\"url\":\"https:\\\/\\\/www.driakovosgeorgiou.com\\\/el\\\/\",\"logo\":{\"@type\":\"ImageObject\",\"inLanguage\":\"el\",\"@id\":\"https:\\\/\\\/www.driakovosgeorgiou.com\\\/el\\\/#\\\/schema\\\/logo\\\/image\\\/\",\"url\":\"https:\\\/\\\/www.driakovosgeorgiou.com\\\/wp-content\\\/uploads\\\/2023\\\/03\\\/dr-iakovos-logo-signal-.png\",\"contentUrl\":\"https:\\\/\\\/www.driakovosgeorgiou.com\\\/wp-content\\\/uploads\\\/2023\\\/03\\\/dr-iakovos-logo-signal-.png\",\"width\":819,\"height\":993,\"caption\":\"Dr. Iakovos Georgiou\"},\"image\":{\"@id\":\"https:\\\/\\\/www.driakovosgeorgiou.com\\\/el\\\/#\\\/schema\\\/logo\\\/image\\\/\"},\"sameAs\":[\"https:\\\/\\\/www.facebook.com\\\/driakovosgeorgiou\"]}]}<\/script>\n<!-- \/ Yoast SEO plugin. -->","yoast_head_json":{"title":"Publications & Keynote Speeches - Dr. Iakovos Georgiou","description":"Explore key publications and keynote speeches on plastic surgery, lipedema, Vaser liposuction, labiaplasty, and aesthetic surgery in Cyprus.","robots":{"index":"index","follow":"follow","max-snippet":"max-snippet:-1","max-image-preview":"max-image-preview:large","max-video-preview":"max-video-preview:-1"},"canonical":"https:\/\/www.driakovosgeorgiou.com\/el\/publications-keynote-speeches\/","og_locale":"el_GR","og_type":"article","og_title":"Publications & Keynote Speeches - Dr. Iakovos Georgiou","og_description":"Explore key publications and keynote speeches on plastic surgery, lipedema, Vaser liposuction, labiaplasty, and aesthetic surgery in Cyprus.","og_url":"https:\/\/www.driakovosgeorgiou.com\/el\/publications-keynote-speeches\/","og_site_name":"Dr Iakovos Georgiou","article_publisher":"https:\/\/www.facebook.com\/driakovosgeorgiou","article_modified_time":"2024-12-04T20:05:30+00:00","og_image":[{"width":1000,"height":1500,"url":"https:\/\/www.driakovosgeorgiou.com\/wp-content\/uploads\/2023\/04\/IMG_3250-2.jpg","type":"image\/jpeg"}],"twitter_card":"summary_large_image","twitter_misc":{"\u0395\u03ba\u03c4\u03b9\u03bc\u03ce\u03bc\u03b5\u03bd\u03bf\u03c2 \u03c7\u03c1\u03cc\u03bd\u03bf\u03c2 \u03b1\u03bd\u03ac\u03b3\u03bd\u03c9\u03c3\u03b7\u03c2":"4 \u03bb\u03b5\u03c0\u03c4\u03ac"},"schema":{"@context":"https:\/\/schema.org","@graph":[{"@type":"WebPage","@id":"https:\/\/www.driakovosgeorgiou.com\/el\/publications-keynote-speeches\/","url":"https:\/\/www.driakovosgeorgiou.com\/el\/publications-keynote-speeches\/","name":"Publications & Keynote Speeches - Dr. Iakovos Georgiou","isPartOf":{"@id":"https:\/\/www.driakovosgeorgiou.com\/el\/#website"},"datePublished":"2023-04-10T08:56:36+00:00","dateModified":"2024-12-04T20:05:30+00:00","description":"Explore key publications and keynote speeches on plastic surgery, lipedema, Vaser liposuction, labiaplasty, and aesthetic surgery in Cyprus.","breadcrumb":{"@id":"https:\/\/www.driakovosgeorgiou.com\/el\/publications-keynote-speeches\/#breadcrumb"},"inLanguage":"el","potentialAction":[{"@type":"ReadAction","target":["https:\/\/www.driakovosgeorgiou.com\/el\/publications-keynote-speeches\/"]}]},{"@type":"BreadcrumbList","@id":"https:\/\/www.driakovosgeorgiou.com\/el\/publications-keynote-speeches\/#breadcrumb","itemListElement":[{"@type":"ListItem","position":1,"name":"Home","item":"https:\/\/www.driakovosgeorgiou.com\/el\/"},{"@type":"ListItem","position":2,"name":"\u0394\u03b7\u03bc\u03bf\u03c3\u03b9\u03b5\u03cd\u03c3\u03b5\u03b9\u03c2 &#038; \u03bf\u03bc\u03b9\u03bb\u03af\u03b5\u03c2"}]},{"@type":"WebSite","@id":"https:\/\/www.driakovosgeorgiou.com\/el\/#website","url":"https:\/\/www.driakovosgeorgiou.com\/el\/","name":"Dr. Iakovos Georgiou","description":"Plastic Surgery in Limassol, Cyprus","publisher":{"@id":"https:\/\/www.driakovosgeorgiou.com\/el\/#organization"},"potentialAction":[{"@type":"SearchAction","target":{"@type":"EntryPoint","urlTemplate":"https:\/\/www.driakovosgeorgiou.com\/el\/?s={search_term_string}"},"query-input":{"@type":"PropertyValueSpecification","valueRequired":true,"valueName":"search_term_string"}}],"inLanguage":"el"},{"@type":"Organization","@id":"https:\/\/www.driakovosgeorgiou.com\/el\/#organization","name":"Dr. Iakovos Georgiou","url":"https:\/\/www.driakovosgeorgiou.com\/el\/","logo":{"@type":"ImageObject","inLanguage":"el","@id":"https:\/\/www.driakovosgeorgiou.com\/el\/#\/schema\/logo\/image\/","url":"https:\/\/www.driakovosgeorgiou.com\/wp-content\/uploads\/2023\/03\/dr-iakovos-logo-signal-.png","contentUrl":"https:\/\/www.driakovosgeorgiou.com\/wp-content\/uploads\/2023\/03\/dr-iakovos-logo-signal-.png","width":819,"height":993,"caption":"Dr. Iakovos Georgiou"},"image":{"@id":"https:\/\/www.driakovosgeorgiou.com\/el\/#\/schema\/logo\/image\/"},"sameAs":["https:\/\/www.facebook.com\/driakovosgeorgiou"]}]}},"_links":{"self":[{"href":"https:\/\/www.driakovosgeorgiou.com\/el\/wp-json\/wp\/v2\/pages\/2698","targetHints":{"allow":["GET"]}}],"collection":[{"href":"https:\/\/www.driakovosgeorgiou.com\/el\/wp-json\/wp\/v2\/pages"}],"about":[{"href":"https:\/\/www.driakovosgeorgiou.com\/el\/wp-json\/wp\/v2\/types\/page"}],"author":[{"embeddable":true,"href":"https:\/\/www.driakovosgeorgiou.com\/el\/wp-json\/wp\/v2\/users\/1"}],"replies":[{"embeddable":true,"href":"https:\/\/www.driakovosgeorgiou.com\/el\/wp-json\/wp\/v2\/comments?post=2698"}],"version-history":[{"count":7,"href":"https:\/\/www.driakovosgeorgiou.com\/el\/wp-json\/wp\/v2\/pages\/2698\/revisions"}],"predecessor-version":[{"id":2798,"href":"https:\/\/www.driakovosgeorgiou.com\/el\/wp-json\/wp\/v2\/pages\/2698\/revisions\/2798"}],"wp:attachment":[{"href":"https:\/\/www.driakovosgeorgiou.com\/el\/wp-json\/wp\/v2\/media?parent=2698"}],"curies":[{"name":"wp","href":"https:\/\/api.w.org\/{rel}","templated":true}]}}